{"id":151,"date":"2023-06-03T19:17:33","date_gmt":"2023-06-03T19:17:33","guid":{"rendered":"http:\/\/193.194.89.193\/wp_lgeoph\/?page_id=151"},"modified":"2024-04-25T17:12:39","modified_gmt":"2024-04-25T17:12:39","slug":"equipe2","status":"publish","type":"page","link":"https:\/\/lgeoph.usthb.dz\/index.php\/equipe-de-recherche\/equipe2\/","title":{"rendered":"\u00c9quipe 2"},"content":{"rendered":"\n<p><strong>\u00c9quipe de M\u00e9thodes Potentielles et Plan\u00e9tologie <\/strong><\/p>\n\n\n\n<h3 class=\"wp-block-heading\">MEMBRES<\/h3>\n\n\n\n<p><strong>Chef d\u2019\u00e9quipe&nbsp;:<\/strong>&nbsp;Professeur <strong>Mohamed<\/strong> <strong><strong>Cherif<\/strong><\/strong> <strong>BERGUIGD<\/strong><\/p>\n\n\n\n<figure class=\"wp-block-table alignfull has-small-font-size\"><table><thead><tr><th>Nom<\/th><th>Pr\u00e9nom<\/th><th>Dernier dipl\u00f4me<\/th><th>Grade<\/th><th>Domaine<\/th><th>Structure de rattachement<\/th><th>Email<\/th><\/tr><\/thead><tbody><tr><td>BERGUIGD<\/td><td>Mohamed Cherif<\/td><td>Habilitation<\/td><td>Pr.<\/td><td>Sciences de la Terre et des Plan\u00e8tes<\/td><td>USTHB<\/td><td>berguig@usthb.dz<\/td><\/tr><tr><td>IDRES <\/td><td>Mouloud<\/td><td>Doc. d&#8217;Etat<\/td><td>Pr.<\/td><td>Sciences de la Terre et des Plan\u00e8tes<\/td><td>USTHB<\/td><td>idresm@yahoo.fr<\/td><\/tr><tr><td>SAMAI <\/td><td>Sadek<\/td><td>Doctorat<\/td><td>MCB<\/td><td>Sciences de la Terre et des Plan\u00e8tes<\/td><td>USTHB<\/td><td>samaisadek@gmail.com<\/td><\/tr><tr><td>CHIKH<\/td><td>Baelhadj<\/td><td>Magister<\/td><td>MAA<\/td><td>Sciences de la Terre et des Plan\u00e8tes<\/td><td>USTHB<\/td><td>mohamed.chikbaelhadj@usthb.dz<\/td><\/tr><tr><td>OUAHYOUNE <\/td><td>Lynda<\/td><td>Magister<\/td><td>MAA<\/td><td>Sciences de la Terre et des Plan\u00e8tes<\/td><td>USTHB<\/td><td>ouahiuonelynda@gmail.com<\/td><\/tr><tr><td>BENHENNI <\/td><td>Leila<\/td><td>Magister<\/td><td>MAA<\/td><td>Sciences de la Terre et des Plan\u00e8tes<\/td><td>USTHB<\/td><td>lbenhenni@usthb.dz<\/td><\/tr><tr><td>FARHI<\/td><td>Walid<\/td><td>Habilitation<\/td><td>MCA<\/td><td>Sciences de la Terre et des Plan\u00e8tes<\/td><td>USTHB<\/td><td>wfarhi86@gmail.com<br><\/td><\/tr><tr><td>ABTOUT <\/td><td>Abdessalam<\/td><td>Doc. d&#8217;Etat<\/td><td>DR<\/td><td>Sciences de la Terre et des Plan\u00e8tes<\/td><td>CRAAG<\/td><td>a.abtout@craag.dz<\/td><\/tr><tr><td>BOUZID <\/td><td>Abderrazak<\/td><td>Habilitation<\/td><td>DR<\/td><td>Sciences de la Terre et des Plan\u00e8tes<\/td><td>CRAAG<\/td><td>bouzid_a@yahoo.fr<\/td><\/tr><tr><td>GACI<\/td><td> Said<\/td><td>Habilitation<\/td><td>MCA<\/td><td>Sciences de la Terre et des Plan\u00e8tes<\/td><td>USTHB<\/td><td>said_gaci@yahoo.com<\/td><\/tr><tr><td>HARROUCHI <\/td><td>Lakhdar<\/td><td>Habilitation<\/td><td>MCA<\/td><td>Sciences de la Terre et des Plan\u00e8tes<\/td><td>U. Ouargla<\/td><td><\/td><\/tr><tr><td>AIB<\/td><td>Souheila<\/td><td>Doctorat<\/td><td>MCB<\/td><td>Sciences de la Terre et des Plan\u00e8tes<\/td><td>USTHB<\/td><td>khalfouisouheila@yahoo.fr<\/td><\/tr><\/tbody><\/table><\/figure>\n","protected":false},"excerpt":{"rendered":"<p>\u00c9quipe de M\u00e9thodes Potentielles et Plan\u00e9tologie MEMBRES Chef d\u2019\u00e9quipe&nbsp;:&nbsp;Professeur Mohamed Cherif BERGUIGD Nom Pr\u00e9nom Dernier dipl\u00f4me Grade Domaine Structure de rattachement Email BERGUIGD Mohamed Cherif Habilitation Pr. Sciences de la Terre et des Plan\u00e8tes USTHB berguig@usthb.dz IDRES Mouloud Doc. d&#8217;Etat <span class=\"readmore\"><a href=\"https:\/\/lgeoph.usthb.dz\/index.php\/equipe-de-recherche\/equipe2\/\">Continue Reading<\/a><\/span><\/p>\n","protected":false},"author":1,"featured_media":0,"parent":101,"menu_order":0,"comment_status":"closed","ping_status":"closed","template":"","meta":{"footnotes":""},"class_list":["post-151","page","type-page","status-publish","hentry"],"_links":{"self":[{"href":"https:\/\/lgeoph.usthb.dz\/index.php\/wp-json\/wp\/v2\/pages\/151","targetHints":{"allow":["GET"]}}],"collection":[{"href":"https:\/\/lgeoph.usthb.dz\/index.php\/wp-json\/wp\/v2\/pages"}],"about":[{"href":"https:\/\/lgeoph.usthb.dz\/index.php\/wp-json\/wp\/v2\/types\/page"}],"author":[{"embeddable":true,"href":"https:\/\/lgeoph.usthb.dz\/index.php\/wp-json\/wp\/v2\/users\/1"}],"replies":[{"embeddable":true,"href":"https:\/\/lgeoph.usthb.dz\/index.php\/wp-json\/wp\/v2\/comments?post=151"}],"version-history":[{"count":31,"href":"https:\/\/lgeoph.usthb.dz\/index.php\/wp-json\/wp\/v2\/pages\/151\/revisions"}],"predecessor-version":[{"id":503,"href":"https:\/\/lgeoph.usthb.dz\/index.php\/wp-json\/wp\/v2\/pages\/151\/revisions\/503"}],"up":[{"embeddable":true,"href":"https:\/\/lgeoph.usthb.dz\/index.php\/wp-json\/wp\/v2\/pages\/101"}],"wp:attachment":[{"href":"https:\/\/lgeoph.usthb.dz\/index.php\/wp-json\/wp\/v2\/media?parent=151"}],"curies":[{"name":"wp","href":"https:\/\/api.w.org\/{rel}","templated":true}]}}