{"id":156,"date":"2023-06-03T19:31:57","date_gmt":"2023-06-03T19:31:57","guid":{"rendered":"http:\/\/193.194.89.193\/wp_lgeoph\/?page_id=156"},"modified":"2024-04-25T17:10:38","modified_gmt":"2024-04-25T17:10:38","slug":"equipe1","status":"publish","type":"page","link":"https:\/\/lgeoph.usthb.dz\/index.php\/equipe-de-recherche\/equipe1\/","title":{"rendered":"\u00c9quipe 1"},"content":{"rendered":"\n<p>\u00c9quipe de Sismologie et de Risques Majeurs<\/p>\n\n\n\n<h3 class=\"wp-block-heading\">MEMBRES<\/h3>\n\n\n\n<p><strong>Chef d\u2019\u00e9quipe&nbsp;:<\/strong>&nbsp;Professeur <strong>Mohamed<\/strong> <strong>HAMOUDI <\/strong><\/p>\n\n\n\n<div class=\"wp-block-group alignfull\"><div class=\"wp-block-group__inner-container is-layout-constrained wp-block-group-is-layout-constrained\">\n<figure class=\"wp-block-table alignwide is-style-regular has-small-font-size\"><table><thead><tr><th>Nom<\/th><th>Pr\u00e9nom<\/th><th>Dernier dipl\u00f4me<\/th><th>Grade<\/th><th>Domaine<\/th><th>Structure de rattachement<\/th><th>Email<\/th><\/tr><\/thead><tbody><tr><td>HAMMOUDI<\/td><td>Mohamed<\/td><td>Doc. d&#8217;\u00c9tat<\/td><td>Pr.<\/td><td>Sciences de la Terre et des Plan\u00e8tes<\/td><td>USTHB<\/td><td>hamoudi@usthb.dz <\/td><\/tr><tr><td>BEGHOUL <\/td><td>Noureddine<\/td><td>Doc. d&#8217;\u00c9tat<\/td><td>Pr.<\/td><td>Sciences de la Terre et des Plan\u00e8tes<\/td><td>USTHB<\/td><td>naazbeghoul@yahoo.com<\/td><\/tr><tr><td>AMIR<\/td><td>Lubna<\/td><td>Doctorat<\/td><td>Pr.<\/td><td>Sciences de la Terre et des Plan\u00e8tes<\/td><td>USTHB<\/td><td>lou.amir@gmail.com<\/td><\/tr><tr><td>KARICHE<\/td><td>Jugurta<\/td><td>Habilitation<\/td><td>MCA<\/td><td>Sciences de la Terre et des Plan\u00e8tes<\/td><td>USTHB<\/td><td>jkariche@gmail.com<\/td><\/tr><tr><td>GACI <\/td><td>Zoubir<\/td><td>Magister<\/td><td>MAA<\/td><td>Sciences de la Terre et des Plan\u00e8tes<\/td><td>USTHB<\/td><td>zoubirgaci@gmail.com<\/td><\/tr><tr><td>SAICHE <\/td><td>Amira<\/td><td>Magister<\/td><td>MAA<\/td><td>Sciences de la Terre et des Plan\u00e8tes<\/td><td>USTHB<\/td><td>amira_gp@yahoo.fr<\/td><\/tr><tr><td>BOUROUIS <\/td><td>Seid<\/td><td>Habilitation<\/td><td>DR<\/td><td>Sciences de la Terre et des Plan\u00e8tes<\/td><td>CRAAG<\/td><td>seid_bourouis@yahho.fr<\/td><\/tr><tr><td>BOURAOUI <\/td><td>Seyfallah<\/td><td>Doctorat<\/td><td>MCA<\/td><td>Multidisciplinaire<\/td><td>USTHB<\/td><td>seyfbouraoui@gmail.com<\/td><\/tr><\/tbody><\/table><\/figure>\n<\/div><\/div>\n","protected":false},"excerpt":{"rendered":"<p>\u00c9quipe de Sismologie et de Risques Majeurs MEMBRES Chef d\u2019\u00e9quipe&nbsp;:&nbsp;Professeur Mohamed HAMOUDI Nom Pr\u00e9nom Dernier dipl\u00f4me Grade Domaine Structure de rattachement Email HAMMOUDI Mohamed Doc. d&#8217;\u00c9tat Pr. Sciences de la Terre et des Plan\u00e8tes USTHB hamoudi@usthb.dz BEGHOUL Noureddine Doc. d&#8217;\u00c9tat <span class=\"readmore\"><a href=\"https:\/\/lgeoph.usthb.dz\/index.php\/equipe-de-recherche\/equipe1\/\">Continue Reading<\/a><\/span><\/p>\n","protected":false},"author":1,"featured_media":0,"parent":101,"menu_order":0,"comment_status":"closed","ping_status":"closed","template":"","meta":{"footnotes":""},"class_list":["post-156","page","type-page","status-publish","hentry"],"_links":{"self":[{"href":"https:\/\/lgeoph.usthb.dz\/index.php\/wp-json\/wp\/v2\/pages\/156","targetHints":{"allow":["GET"]}}],"collection":[{"href":"https:\/\/lgeoph.usthb.dz\/index.php\/wp-json\/wp\/v2\/pages"}],"about":[{"href":"https:\/\/lgeoph.usthb.dz\/index.php\/wp-json\/wp\/v2\/types\/page"}],"author":[{"embeddable":true,"href":"https:\/\/lgeoph.usthb.dz\/index.php\/wp-json\/wp\/v2\/users\/1"}],"replies":[{"embeddable":true,"href":"https:\/\/lgeoph.usthb.dz\/index.php\/wp-json\/wp\/v2\/comments?post=156"}],"version-history":[{"count":26,"href":"https:\/\/lgeoph.usthb.dz\/index.php\/wp-json\/wp\/v2\/pages\/156\/revisions"}],"predecessor-version":[{"id":501,"href":"https:\/\/lgeoph.usthb.dz\/index.php\/wp-json\/wp\/v2\/pages\/156\/revisions\/501"}],"up":[{"embeddable":true,"href":"https:\/\/lgeoph.usthb.dz\/index.php\/wp-json\/wp\/v2\/pages\/101"}],"wp:attachment":[{"href":"https:\/\/lgeoph.usthb.dz\/index.php\/wp-json\/wp\/v2\/media?parent=156"}],"curies":[{"name":"wp","href":"https:\/\/api.w.org\/{rel}","templated":true}]}}