{"id":167,"date":"2023-06-03T21:15:21","date_gmt":"2023-06-03T21:15:21","guid":{"rendered":"http:\/\/193.194.89.193\/wp_lgeoph\/?page_id=167"},"modified":"2024-04-25T17:14:39","modified_gmt":"2024-04-25T17:14:39","slug":"equipe3","status":"publish","type":"page","link":"https:\/\/lgeoph.usthb.dz\/index.php\/equipe-de-recherche\/equipe3\/","title":{"rendered":"\u00c9quipe 3"},"content":{"rendered":"\n<p><strong>\u00c9quipe de G\u00e9ophysique de Subsurface<\/strong><\/p>\n\n\n\n<h3 class=\"wp-block-heading\">MEMBRES<\/h3>\n\n\n\n<p><strong>Chef d\u2019\u00e9quipe&nbsp;:<\/strong>&nbsp;<strong>Docteur <\/strong><strong>Fatma KHALDAOUI<\/strong><\/p>\n\n\n\n<figure class=\"wp-block-table alignfull has-small-font-size\"><table><thead><tr><th>Nom<\/th><th>Pr\u00e9nom<\/th><th>Dernier dipl\u00f4me<\/th><th>Grade<\/th><th>Domaine<\/th><th>Structure de rattachement<\/th><th>Email<\/th><\/tr><\/thead><tbody><tr><td>KHALDAOUI<\/td><td> Fatma<\/td><td>Habilitation<\/td><td>MCA<\/td><td>Sciences de la Terre et des Plan\u00e8tes<\/td><td>USTHB<\/td><td>khalfati@yahoo.fr<\/td><\/tr><tr><td>BOUDELLA <\/td><td>Amar<\/td><td>Doc. d\u2019\u00c9tat<\/td><td>Pr.<\/td><td>Sciences de la Terre et des Plan\u00e8tes<\/td><td>USTHB<\/td><td>boudellaamar@yahoo.com<\/td><\/tr><tr><td>BECHKIT <\/td><td>Mohamed Amine<\/td><td>Habilitation<\/td><td>MCA<\/td><td>Sciences de la Terre et des Plan\u00e8tes<\/td><td>USTHB<\/td><td>mohamed-amine.bechkit@hotmail.fr<br><\/td><\/tr><tr><td>Ketteb<\/td><td>Rachid<\/td><td>Doctorat<\/td><td>MCB<\/td><td>Sciences de la Terre et des Plan\u00e8tes<\/td><td>USTHB<\/td><td>ketteb_rachid@yahoo.fr<\/td><\/tr><tr><td>Boukar <\/td><td>Abdelghafour<\/td><td>Magister<\/td><td>MAA<\/td><td>Sciences de la Terre et des Plan\u00e8tes<\/td><td>USTHB<\/td><td>abdelghafourboukar@gmail.com<\/td><\/tr><tr><td>HAMAI <\/td><td>Lanine<\/td><td>Habilitation<\/td><td>MCA<\/td><td>Sciences de la Terre et des Plan\u00e8tes<\/td><td>CRAAG<\/td><td><a href=\"mailto:amine.hamai@gmail.com\">amine.hamai@gmail.com<\/a><\/td><\/tr><tr><td>AOUMER <\/td><td>Yamina<\/td><td>Magister<\/td><td>MAA, Doc.<\/td><td>Sciences de la Terre et des Plan\u00e8tes<\/td><td>USTHB<\/td><td>y.aoumer@gmail.com<\/td><\/tr><tr><td>BOUMELIT <\/td><td>Zinealabidine<\/td><td>Magister<\/td><td>MAA, Doc.<\/td><td>Sciences de la Terre et des Plan\u00e8tes<\/td><td>USTHB<\/td><td>boumelit-zinou@hotmail.fr<\/td><\/tr><\/tbody><\/table><\/figure>\n","protected":false},"excerpt":{"rendered":"<p>\u00c9quipe de G\u00e9ophysique de Subsurface MEMBRES Chef d\u2019\u00e9quipe&nbsp;:&nbsp;Docteur Fatma KHALDAOUI Nom Pr\u00e9nom Dernier dipl\u00f4me Grade Domaine Structure de rattachement Email KHALDAOUI Fatma Habilitation MCA Sciences de la Terre et des Plan\u00e8tes USTHB khalfati@yahoo.fr BOUDELLA Amar Doc. d\u2019\u00c9tat Pr. Sciences de <span class=\"readmore\"><a href=\"https:\/\/lgeoph.usthb.dz\/index.php\/equipe-de-recherche\/equipe3\/\">Continue Reading<\/a><\/span><\/p>\n","protected":false},"author":1,"featured_media":0,"parent":101,"menu_order":0,"comment_status":"closed","ping_status":"closed","template":"","meta":{"footnotes":""},"class_list":["post-167","page","type-page","status-publish","hentry"],"_links":{"self":[{"href":"https:\/\/lgeoph.usthb.dz\/index.php\/wp-json\/wp\/v2\/pages\/167","targetHints":{"allow":["GET"]}}],"collection":[{"href":"https:\/\/lgeoph.usthb.dz\/index.php\/wp-json\/wp\/v2\/pages"}],"about":[{"href":"https:\/\/lgeoph.usthb.dz\/index.php\/wp-json\/wp\/v2\/types\/page"}],"author":[{"embeddable":true,"href":"https:\/\/lgeoph.usthb.dz\/index.php\/wp-json\/wp\/v2\/users\/1"}],"replies":[{"embeddable":true,"href":"https:\/\/lgeoph.usthb.dz\/index.php\/wp-json\/wp\/v2\/comments?post=167"}],"version-history":[{"count":25,"href":"https:\/\/lgeoph.usthb.dz\/index.php\/wp-json\/wp\/v2\/pages\/167\/revisions"}],"predecessor-version":[{"id":504,"href":"https:\/\/lgeoph.usthb.dz\/index.php\/wp-json\/wp\/v2\/pages\/167\/revisions\/504"}],"up":[{"embeddable":true,"href":"https:\/\/lgeoph.usthb.dz\/index.php\/wp-json\/wp\/v2\/pages\/101"}],"wp:attachment":[{"href":"https:\/\/lgeoph.usthb.dz\/index.php\/wp-json\/wp\/v2\/media?parent=167"}],"curies":[{"name":"wp","href":"https:\/\/api.w.org\/{rel}","templated":true}]}}