{"id":170,"date":"2023-06-03T21:15:54","date_gmt":"2023-06-03T21:15:54","guid":{"rendered":"http:\/\/193.194.89.193\/wp_lgeoph\/?page_id=170"},"modified":"2024-04-25T17:17:08","modified_gmt":"2024-04-25T17:17:08","slug":"equipe-4","status":"publish","type":"page","link":"https:\/\/lgeoph.usthb.dz\/index.php\/equipe-de-recherche\/equipe-4\/","title":{"rendered":"\u00c9quipe 4"},"content":{"rendered":"\n<p><a href=\"https:\/\/lgeoph.usthb.dz\/wp-admin\/edit.php?post_type=page\"><\/a><\/p>\n\n\n\n<p><strong>\u00c9quipe de  G\u00e9ophysique Externe<\/strong><\/p>\n\n\n\n<h3 class=\"wp-block-heading\">MEMBRES<\/h3>\n\n\n\n<p><strong>Chef d\u2019\u00e9quipe&nbsp;:<\/strong>&nbsp;<strong>Docteur <strong><strong>Soraya <\/strong><\/strong> <strong>MAKHLOUF<\/strong><\/strong><\/p>\n\n\n\n<figure class=\"wp-block-table alignfull has-small-font-size\"><table><thead><tr><th>Nom<\/th><th>Pr\u00e9nom<\/th><th>Dernier dipl\u00f4me<\/th><th>Grade<\/th><th>Domaine<\/th><th>Structure d\u2019origine<\/th><th>Email<\/th><\/tr><\/thead><tbody><tr><td>MAKHLOUF<\/td><td>Soraya<\/td><td>Habilitation<\/td><td>MCA<\/td><td>Sciences de la Terre et des Plan\u00e8tes<\/td><td>USTHB<\/td><td>mak.sora@yahoo.fr<\/td><\/tr><tr><td>YAHIAT<\/td><td>Yasmine<\/td><td>Doc. d&#8217;Etat<\/td><td>Pr.<\/td><td>Sciences de la Terre et des Plan\u00e8tes<\/td><td>USTHB<\/td><td>yasminayahiat@yahoo.fr<\/td><\/tr><tr><td>ZAOURAR <\/td><td>Naima<\/td><td>Doc. d&#8217;Etat<\/td><td>Pr.<\/td><td>Sciences de la Terre et des Plan\u00e8tes<\/td><td>USTHB<\/td><td>naimaboulasba@gmail.com<\/td><\/tr><tr><td>DJEBLI <\/td><td>Mourad<\/td><td>Doc. d&#8217;Etat<\/td><td>Pr.<\/td><td>Physique et Astronomie<\/td><td>USTHB<\/td><td>mdjebli@usthb,dz<\/td><\/tr><tr><td>ABDELLAOUI <\/td><td>Hacene<\/td><td>Doctorat<\/td><td>DR<\/td><td>Physique et Astronomie<\/td><td>USTHB<\/td><td>abdhassen@hotmail,com<\/td><\/tr><tr><td>AMOURA <\/td><td>Saliha<\/td><td>Doctorat<\/td><td>MCB<\/td><td>Sciences de la Terre et des Plan\u00e8tes<\/td><td>USTHB<\/td><td>amourasaliha1@gmail.com<\/td><\/tr><tr><td>BOULASSEL <\/td><td>Abdelabasset<\/td><td>Doctorat<\/td><td>MCB<\/td><td>Sciences de la Terre et des Plan\u00e8tes<\/td><td>USTHB<\/td><td>boulasselsaabdelbasset@gmail.com<\/td><\/tr><\/tbody><\/table><\/figure>\n","protected":false},"excerpt":{"rendered":"<p>\u00c9quipe de G\u00e9ophysique Externe MEMBRES Chef d\u2019\u00e9quipe&nbsp;:&nbsp;Docteur Soraya MAKHLOUF Nom Pr\u00e9nom Dernier dipl\u00f4me Grade Domaine Structure d\u2019origine Email MAKHLOUF Soraya Habilitation MCA Sciences de la Terre et des Plan\u00e8tes USTHB mak.sora@yahoo.fr YAHIAT Yasmine Doc. d&#8217;Etat Pr. Sciences de la Terre <span class=\"readmore\"><a href=\"https:\/\/lgeoph.usthb.dz\/index.php\/equipe-de-recherche\/equipe-4\/\">Continue Reading<\/a><\/span><\/p>\n","protected":false},"author":1,"featured_media":0,"parent":101,"menu_order":0,"comment_status":"closed","ping_status":"closed","template":"","meta":{"footnotes":""},"class_list":["post-170","page","type-page","status-publish","hentry"],"_links":{"self":[{"href":"https:\/\/lgeoph.usthb.dz\/index.php\/wp-json\/wp\/v2\/pages\/170","targetHints":{"allow":["GET"]}}],"collection":[{"href":"https:\/\/lgeoph.usthb.dz\/index.php\/wp-json\/wp\/v2\/pages"}],"about":[{"href":"https:\/\/lgeoph.usthb.dz\/index.php\/wp-json\/wp\/v2\/types\/page"}],"author":[{"embeddable":true,"href":"https:\/\/lgeoph.usthb.dz\/index.php\/wp-json\/wp\/v2\/users\/1"}],"replies":[{"embeddable":true,"href":"https:\/\/lgeoph.usthb.dz\/index.php\/wp-json\/wp\/v2\/comments?post=170"}],"version-history":[{"count":24,"href":"https:\/\/lgeoph.usthb.dz\/index.php\/wp-json\/wp\/v2\/pages\/170\/revisions"}],"predecessor-version":[{"id":506,"href":"https:\/\/lgeoph.usthb.dz\/index.php\/wp-json\/wp\/v2\/pages\/170\/revisions\/506"}],"up":[{"embeddable":true,"href":"https:\/\/lgeoph.usthb.dz\/index.php\/wp-json\/wp\/v2\/pages\/101"}],"wp:attachment":[{"href":"https:\/\/lgeoph.usthb.dz\/index.php\/wp-json\/wp\/v2\/media?parent=170"}],"curies":[{"name":"wp","href":"https:\/\/api.w.org\/{rel}","templated":true}]}}