{"id":346,"date":"2024-03-04T10:49:34","date_gmt":"2024-03-04T10:49:34","guid":{"rendered":"http:\/\/193.194.89.193\/wp_lgeoph\/?page_id=346"},"modified":"2024-04-25T16:37:35","modified_gmt":"2024-04-25T16:37:35","slug":"manifestations-scientifiques","status":"publish","type":"page","link":"https:\/\/lgeoph.usthb.dz\/index.php\/manifestations-scientifiques\/","title":{"rendered":"Manifestations scientifiques"},"content":{"rendered":"\n<p><a href=\"http:\/\/193.194.89.193\/wp_lge\/index.php\/conferences\/\" data-type=\"page\" data-id=\"357\">Conf\u00e9rences<\/a><\/p>\n\n\n\n<p>Colloques<\/p>\n\n\n\n<p><a href=\"http:\/\/193.194.89.193\/wp_lge\/index.php\/congres\/\">Congr<em>\u00e8<\/em>s<\/a><\/p>\n\n\n\n<p><a href=\"http:\/\/193.194.89.193\/wp_lge\/index.php\/seminaires\/\" data-type=\"page\" data-id=\"358\">S\u00e9minaires<\/a><\/p>\n","protected":false},"excerpt":{"rendered":"<p>Conf\u00e9rences Colloques Congr\u00e8s S\u00e9minaires<\/p>\n","protected":false},"author":1,"featured_media":0,"parent":0,"menu_order":0,"comment_status":"closed","ping_status":"closed","template":"","meta":{"footnotes":""},"class_list":["post-346","page","type-page","status-publish","hentry"],"_links":{"self":[{"href":"https:\/\/lgeoph.usthb.dz\/index.php\/wp-json\/wp\/v2\/pages\/346","targetHints":{"allow":["GET"]}}],"collection":[{"href":"https:\/\/lgeoph.usthb.dz\/index.php\/wp-json\/wp\/v2\/pages"}],"about":[{"href":"https:\/\/lgeoph.usthb.dz\/index.php\/wp-json\/wp\/v2\/types\/page"}],"author":[{"embeddable":true,"href":"https:\/\/lgeoph.usthb.dz\/index.php\/wp-json\/wp\/v2\/users\/1"}],"replies":[{"embeddable":true,"href":"https:\/\/lgeoph.usthb.dz\/index.php\/wp-json\/wp\/v2\/comments?post=346"}],"version-history":[{"count":3,"href":"https:\/\/lgeoph.usthb.dz\/index.php\/wp-json\/wp\/v2\/pages\/346\/revisions"}],"predecessor-version":[{"id":475,"href":"https:\/\/lgeoph.usthb.dz\/index.php\/wp-json\/wp\/v2\/pages\/346\/revisions\/475"}],"wp:attachment":[{"href":"https:\/\/lgeoph.usthb.dz\/index.php\/wp-json\/wp\/v2\/media?parent=346"}],"curies":[{"name":"wp","href":"https:\/\/api.w.org\/{rel}","templated":true}]}}