{"id":520,"date":"2024-07-21T09:50:18","date_gmt":"2024-07-21T09:50:18","guid":{"rendered":"https:\/\/lgeoph.usthb.dz\/?page_id=520"},"modified":"2024-07-21T09:53:16","modified_gmt":"2024-07-21T09:53:16","slug":"liste-des-doctorants-lmd","status":"publish","type":"page","link":"https:\/\/lgeoph.usthb.dz\/index.php\/liste-des-doctorants-lmd\/","title":{"rendered":"Liste des doctorants LMD"},"content":{"rendered":"\n<figure class=\"wp-block-table\"><table><tbody><tr><td><strong>Nom<\/strong><\/td><td><strong>Pr\u00e9nom<\/strong><\/td><td><strong>Ann\u00e9e Inscription<\/strong><\/td><td><strong>Sp\u00e9cialit\u00e9<\/strong><\/td><\/tr><tr><td>CHAABANE<\/td><td>Fatima Zohra<\/td><td>2016\/2017<\/td><td>Imageries Num\u00e9riques<\/td><\/tr><tr><td>BOUDELAA<\/td><td>Ayoub<\/td><td>2016\/2017<\/td><td>Imageries Num\u00e9riques<\/td><\/tr><tr><td>AMEZZA<\/td><td>Thiziri<\/td><td>2016\/2017<\/td><td>Imageries Num\u00e9riques<\/td><\/tr><tr><td>ABROUCHE<\/td><td>Mohamed Said<\/td><td>2016\/2017<\/td><td>G\u00e9ophysique<\/td><\/tr><tr><td>HAMAK<\/td><td>Ines<\/td><td>2016\/2017<\/td><td>G\u00e9ophysique<\/td><\/tr><tr><td>ZENIM<\/td><td>Mohamed<\/td><td>2016\/2017<\/td><td>Imageries Num\u00e9riques<\/td><\/tr><tr><td>MEJDOUBA<\/td><td>Nasrine<\/td><td>2017\/2018<\/td><td>G\u00e9ophysique<\/td><\/tr><tr><td>BOUZEMRA<\/td><td>Omar<\/td><td>2017\/2018<\/td><td>G\u00e9ophysique<\/td><\/tr><tr><td>BOUTOUBA<\/td><td>Rayane<\/td><td>2017\/2018<\/td><td>Imageries Num\u00e9riques<\/td><\/tr><tr><td>FODIL<\/td><td>Abderrahmane<\/td><td>2017\/2018<\/td><td>Imageries Num\u00e9riques<\/td><\/tr><tr><td>HAROUZ<\/td><td>Chakib<\/td><td>2017\/2018<\/td><td>Imageries Num\u00e9riques<\/td><\/tr><tr><td>LEMGHARBI<\/td><td>Abdenaceur<\/td><td>2017\/2018<\/td><td>Imageries Num\u00e9riques<\/td><\/tr><tr><td>KERIREME<\/td><td>Saliha<\/td><td>2017\/2018<\/td><td>Imageries Num\u00e9riques<\/td><\/tr><tr><td>HAMDI PACHA<\/td><td>Alaa Eddine<\/td><td>2017\/2018<\/td><td>Imageries Num\u00e9riques<\/td><\/tr><tr><td>HANACHE<\/td><td>Yasmina<\/td><td>2017\/2018<\/td><td>Imageries Num\u00e9riques<\/td><\/tr><tr><td>CHAFA<\/td><td>Yanis Ali<\/td><td>2017\/2018<\/td><td>Imageries Num\u00e9riques<\/td><\/tr><tr><td>HADDAD<\/td><td>Mayssa<\/td><td>2018\/2019<\/td><td>Imageries Num\u00e9riques<\/td><\/tr><tr><td>BOUARFA<\/td><td>Chahinez<\/td><td>2018\/2019<\/td><td>Imageries Num\u00e9riques<\/td><\/tr><tr><td>DJELID<\/td><td>Rima<\/td><td>2018\/2019<\/td><td>Imageries Num\u00e9riques<\/td><\/tr><tr><td>MOUSSAOUI<\/td><td>Mohamed<\/td><td>2018\/2019<\/td><td>Imageries Num\u00e9riques<\/td><\/tr><tr><td>HAMADHA<\/td><td>Bachir<\/td><td>2018\/2019<\/td><td>Imageries Num\u00e9riques<\/td><\/tr><tr><td>GORMIT<\/td><td>Rayane<\/td><td>2018\/2019<\/td><td>Imageries Num\u00e9riques<\/td><\/tr><tr><td>GHERIB<\/td><td>Tarek<\/td><td>2018\/2019<\/td><td>Imageries Num\u00e9riques<\/td><\/tr><tr><td>BENGUESMIA<\/td><td>Abdelmalek<\/td><td>2018\/2019<\/td><td>Imageries Num\u00e9riques<\/td><\/tr><tr><td>ZEROUAL<\/td><td>Sarra<\/td><td>2018\/2019<\/td><td>Imageries Num\u00e9riques<\/td><\/tr><tr><td>BERRAHMANE<\/td><td>Narimene<\/td><td>2018\/2019<\/td><td>Imageries Num\u00e9riques<\/td><\/tr><tr><td>BOUMESHAD<\/td><td>Hadjer<\/td><td>2018\/2019<\/td><td>Imageries Num\u00e9riques<\/td><\/tr><tr><td>TALANTIKITE<\/td><td>Asma<\/td><td>2018\/2019<\/td><td>G\u00e9ophysique<\/td><\/tr><tr><td>ARRACHE<\/td><td>Khiereddine<\/td><td>2018\/2019<\/td><td>G\u00e9ophysique<\/td><\/tr><tr><td>YAHIA PACHA<\/td><td>Mohamed<\/td><td>2018\/2019<\/td><td>G\u00e9ophysique<\/td><\/tr><tr><td>BOUKHIL<\/td><td>Dawoud<\/td><td>2018\/2019<\/td><td>G\u00e9ophysique<\/td><\/tr><tr><td>LAICHAOUI<\/td><td>Yasser<\/td><td>2020\/2021<\/td><td>Imageries Num\u00e9riques<\/td><\/tr><tr><td>HAMED<\/td><td>Wissam<\/td><td>2020\/2021<\/td><td>G\u00e9ophysique<\/td><\/tr><tr><td>ZABEL<\/td><td>Khalda<\/td><td>2020\/2021<\/td><td>G\u00e9ophysique<\/td><\/tr><tr><td>LOUNIS<\/td><td>El Hadi<\/td><td>2020\/2021<\/td><td>G\u00e9ophysique<\/td><\/tr><tr><td>BOUAOULA<\/td><td>Walid<\/td><td>2020\/2021<\/td><td>G\u00e9odesie<\/td><\/tr><tr><td>BOUSNANE<\/td><td>Akram Abderrahmane<\/td><td>2020\/2021<\/td><td>G\u00e9odesie<\/td><\/tr><tr><td>BOUDHANE<\/td><td>Boubekeur<\/td><td>2020\/2021<\/td><td>G\u00e9odesie<\/td><\/tr><tr><td>SAHARI<\/td><td>Zahra<\/td><td>2020\/2021<\/td><td>Imageries Num\u00e9riques<\/td><\/tr><tr><td>HANIS<\/td><td>Dahbia<\/td><td>2020\/2021<\/td><td>Imageries Num\u00e9riques<\/td><\/tr><tr><td>DJEDDOU<\/td><td>Abdelkader<\/td><td>2021\/2022<\/td><td>G\u00e9ophysique<\/td><\/tr><tr><td>HAMI<\/td><td>Hadjira<\/td><td>2021\/2022<\/td><td>G\u00e9ophysique<\/td><\/tr><tr><td>CHEDDAD<\/td><td>Fethi Ali<\/td><td>2021\/2022<\/td><td>G\u00e9ophysique<\/td><\/tr><tr><td>AILI<\/td><td>Rahma<\/td><td>2021\/2022<\/td><td>Imageries Num\u00e9riques<\/td><\/tr><tr><td>LATROUCI<\/td><td>Mohamed Amine<\/td><td>2021\/2022<\/td><td>Imageries Num\u00e9riques<\/td><\/tr><tr><td>MAOUDJ<\/td><td>Bouchra Malika<\/td><td>2021\/2022<\/td><td>Imageries Num\u00e9riques<\/td><\/tr><tr><td>OURCHANI<\/td><td>Hicham<\/td><td>2021\/2022<\/td><td>Imageries Num\u00e9riques<\/td><\/tr><\/tbody><\/table><\/figure>\n","protected":false},"excerpt":{"rendered":"<p>Nom Pr\u00e9nom Ann\u00e9e Inscription Sp\u00e9cialit\u00e9 CHAABANE Fatima Zohra 2016\/2017 Imageries Num\u00e9riques BOUDELAA Ayoub 2016\/2017 Imageries Num\u00e9riques AMEZZA Thiziri 2016\/2017 Imageries Num\u00e9riques ABROUCHE Mohamed Said 2016\/2017 G\u00e9ophysique HAMAK Ines 2016\/2017 G\u00e9ophysique ZENIM Mohamed 2016\/2017 Imageries Num\u00e9riques MEJDOUBA Nasrine 2017\/2018 G\u00e9ophysique BOUZEMRA <span class=\"readmore\"><a href=\"https:\/\/lgeoph.usthb.dz\/index.php\/liste-des-doctorants-lmd\/\">Continue Reading<\/a><\/span><\/p>\n","protected":false},"author":1,"featured_media":0,"parent":0,"menu_order":0,"comment_status":"closed","ping_status":"closed","template":"","meta":{"footnotes":""},"class_list":["post-520","page","type-page","status-publish","hentry"],"_links":{"self":[{"href":"https:\/\/lgeoph.usthb.dz\/index.php\/wp-json\/wp\/v2\/pages\/520","targetHints":{"allow":["GET"]}}],"collection":[{"href":"https:\/\/lgeoph.usthb.dz\/index.php\/wp-json\/wp\/v2\/pages"}],"about":[{"href":"https:\/\/lgeoph.usthb.dz\/index.php\/wp-json\/wp\/v2\/types\/page"}],"author":[{"embeddable":true,"href":"https:\/\/lgeoph.usthb.dz\/index.php\/wp-json\/wp\/v2\/users\/1"}],"replies":[{"embeddable":true,"href":"https:\/\/lgeoph.usthb.dz\/index.php\/wp-json\/wp\/v2\/comments?post=520"}],"version-history":[{"count":2,"href":"https:\/\/lgeoph.usthb.dz\/index.php\/wp-json\/wp\/v2\/pages\/520\/revisions"}],"predecessor-version":[{"id":523,"href":"https:\/\/lgeoph.usthb.dz\/index.php\/wp-json\/wp\/v2\/pages\/520\/revisions\/523"}],"wp:attachment":[{"href":"https:\/\/lgeoph.usthb.dz\/index.php\/wp-json\/wp\/v2\/media?parent=520"}],"curies":[{"name":"wp","href":"https:\/\/api.w.org\/{rel}","templated":true}]}}